{"id":627,"date":"2020-01-06T17:38:11","date_gmt":"2020-01-06T20:38:11","guid":{"rendered":"http:\/\/customsworld.com.ar\/?page_id=627"},"modified":"2024-04-28T16:40:54","modified_gmt":"2024-04-28T19:40:54","slug":"servicios-2","status":"publish","type":"page","link":"https:\/\/customsworld.com.ar\/index.php\/servicios-2\/","title":{"rendered":"Servicios"},"content":{"rendered":"<p>[et_pb_section fb_built=\u00bb1&#8243; module_id=\u00bbTAI\u00bb _builder_version=\u00bb4.16&#8243; background_color=\u00bbrgba(90,131,181,0.32)\u00bb custom_padding=\u00bb||63px|||\u00bb global_colors_info=\u00bb{}\u00bb][et_pb_row column_structure=\u00bb1_3,2_3&#8243; _builder_version=\u00bb4.25.0&#8243; custom_margin=\u00bb165px||||false|false\u00bb custom_padding=\u00bb||35px|||\u00bb hover_enabled=\u00bb0&#8243; global_colors_info=\u00bb{}\u00bb custom_margin_last_edited=\u00bbon|desktop\u00bb sticky_enabled=\u00bb0&#8243; custom_margin_tablet=\u00bb165px||||false|false\u00bb custom_margin_phone=\u00bb165px||||false|false\u00bb][et_pb_column type=\u00bb1_3&#8243; _builder_version=\u00bb4.16&#8243; global_colors_info=\u00bb{}\u00bb][et_pb_image src=\u00bbhttps:\/\/customsworld.com.ar\/wp-content\/uploads\/2019\/07\/Tr\u00e1mites-en-el-inti-tr\u00e1mites-a-distancia-y-tr\u00e1mites-anmat_1.png\u00bb _builder_version=\u00bb4.16&#8243; global_colors_info=\u00bb{}\u00bb filter_contrast__hover_enabled=\u00bboff|desktop\u00bb][\/et_pb_image][\/et_pb_column][et_pb_column type=\u00bb2_3&#8243; _builder_version=\u00bb4.16&#8243; global_colors_info=\u00bb{}\u00bb][et_pb_text _builder_version=\u00bb4.24.3&#8243; text_font=\u00bb||||||||\u00bb text_text_color=\u00bb#595959&#8243; text_font_size=\u00bb16px\u00bb text_line_height=\u00bb1.1em\u00bb custom_margin=\u00bb-15px|||||\u00bb custom_padding=\u00bb9px|||||\u00bb global_colors_info=\u00bb{}\u00bb]<\/p>\n<p style=\"text-align: center;\"><strong><span data-token-index=\"0\" class=\"notion-enable-hover\">TR\u00c1MITES ANTE TERCEROS ORGANISMOS<\/span><\/strong><!-- notionvc: ba9ed618-9355-4183-a1f4-cc103430f2ce --><\/p>\n<p style=\"text-align: center;\">Alta importador exportador (IMEX)<\/p>\n<p style=\"text-align: center;\">Normativa bancaria<\/p>\n<p style=\"text-align: center;\">Seguridad de acero<\/p>\n<p style=\"text-align: center;\">Solicitud de importaci\u00f3n de bienes de capital usados (CIBU)<\/p>\n<p style=\"text-align: center;\">Certificado de miner\u00eda<\/p>\n<p style=\"text-align: center;\">Certificados de origen<\/p>\n<p style=\"text-align: center;\">SENASA<\/p>\n<p style=\"text-align: center;\">RUCA<\/p>\n<p style=\"text-align: center;\">ANMAT\/INAL<\/p>\n<p style=\"text-align: center;\">INTI<\/p>\n<p style=\"text-align: center;\">Seguridad El\u00e9ctrica<\/p>\n<p style=\"text-align: center;\"><!-- notionvc: 363a56d0-27da-4d39-8b1c-5dad144484d6 --><\/p>\n<p>[\/et_pb_text][et_pb_button button_url=\u00bbhttps:\/\/customsworld.com.ar\/\u00bb button_text=\u00bbVolver al inicio\u00bb button_alignment=\u00bbcenter\u00bb _builder_version=\u00bb4.16&#8243; custom_button=\u00bbon\u00bb button_text_size=\u00bb20px\u00bb button_text_color=\u00bb#ffffff\u00bb button_bg_color=\u00bb#6f94bc\u00bb button_border_width=\u00bb0px\u00bb button_border_color=\u00bb#ffffff\u00bb button_border_radius=\u00bb100px\u00bb button_letter_spacing=\u00bb0px\u00bb button_icon=\u00bb&#x4a;||divi||400&#8243; global_colors_info=\u00bb{}\u00bb][\/et_pb_button][\/et_pb_column][\/et_pb_row][\/et_pb_section][et_pb_section fb_built=\u00bb1&#8243; module_id=\u00bbDES\u00bb _builder_version=\u00bb4.16&#8243; background_color=\u00bb#ffffff\u00bb global_colors_info=\u00bb{}\u00bb][et_pb_row column_structure=\u00bb2_3,1_3&#8243; _builder_version=\u00bb4.16&#8243; global_colors_info=\u00bb{}\u00bb][et_pb_column type=\u00bb2_3&#8243; _builder_version=\u00bb4.16&#8243; global_colors_info=\u00bb{}\u00bb][et_pb_text _builder_version=\u00bb4.16&#8243; text_font=\u00bb||||||||\u00bb text_text_color=\u00bb#595959&#8243; text_font_size=\u00bb16px\u00bb text_line_height=\u00bb1.1em\u00bb custom_padding=\u00bb19px|||||\u00bb global_colors_info=\u00bb{}\u00bb]<\/p>\n<p style=\"text-align: center;\"><strong>DESPACHANTE DE ADUANA<\/strong><\/p>\n<p style=\"text-align: center;\">Importaci\u00f3n &#8211; Exportaci\u00f3n<\/p>\n<p style=\"text-align: center;\">An\u00e1lisis de Costos<\/p>\n<p style=\"text-align: center;\">Asesoramiento integral en Comercio Exterior<\/p>\n<p style=\"text-align: center;\">Clasificaci\u00f3n Arancelaria de Mercader\u00edas<\/p>\n<p style=\"text-align: center;\">Normativa Aduanera<\/p>\n<p style=\"text-align: center;\">SEDI<\/p>\n<p>[\/et_pb_text][et_pb_button button_url=\u00bbhttps:\/\/customsworld.com.ar\/\u00bb button_text=\u00bbVolver al inicio\u00bb button_alignment=\u00bbcenter\u00bb _builder_version=\u00bb4.16&#8243; custom_button=\u00bbon\u00bb button_text_size=\u00bb20px\u00bb button_text_color=\u00bb#ffffff\u00bb button_bg_color=\u00bb#6f94bc\u00bb button_border_width=\u00bb0px\u00bb button_border_color=\u00bb#ffffff\u00bb button_border_radius=\u00bb100px\u00bb button_letter_spacing=\u00bb0px\u00bb button_icon=\u00bb&#x4a;||divi||400&#8243; global_colors_info=\u00bb{}\u00bb][\/et_pb_button][\/et_pb_column][et_pb_column type=\u00bb1_3&#8243; _builder_version=\u00bb4.16&#8243; global_colors_info=\u00bb{}\u00bb][et_pb_image src=\u00bbhttps:\/\/customsworld.com.ar\/wp-content\/uploads\/2019\/07\/Despachante-de-aduana_1-1.png\u00bb _builder_version=\u00bb4.16&#8243; global_colors_info=\u00bb{}\u00bb filter_contrast__hover_enabled=\u00bboff|desktop\u00bb][\/et_pb_image][\/et_pb_column][\/et_pb_row][\/et_pb_section][et_pb_section fb_built=\u00bb1&#8243; module_id=\u00bbDOCEX\u00bb _builder_version=\u00bb4.16&#8243; background_color=\u00bbrgba(90,131,181,0.32)\u00bb global_colors_info=\u00bb{}\u00bb][et_pb_row column_structure=\u00bb1_3,2_3&#8243; _builder_version=\u00bb4.16&#8243; global_colors_info=\u00bb{}\u00bb][et_pb_column type=\u00bb1_3&#8243; _builder_version=\u00bb4.16&#8243; global_colors_info=\u00bb{}\u00bb][et_pb_image src=\u00bbhttps:\/\/customsworld.com.ar\/wp-content\/uploads\/2019\/07\/Documentos-de-exportaci\u00f3n_1.png\u00bb _builder_version=\u00bb4.16&#8243; global_colors_info=\u00bb{}\u00bb filter_contrast__hover_enabled=\u00bboff|desktop\u00bb][\/et_pb_image][\/et_pb_column][et_pb_column type=\u00bb2_3&#8243; _builder_version=\u00bb4.16&#8243; global_colors_info=\u00bb{}\u00bb][et_pb_text _builder_version=\u00bb4.16&#8243; text_font=\u00bb||||||||\u00bb text_text_color=\u00bb#595959&#8243; text_font_size=\u00bb16px\u00bb text_line_height=\u00bb1.1em\u00bb custom_padding=\u00bb0px|||||\u00bb global_colors_info=\u00bb{}\u00bb]<\/p>\n<p style=\"text-align: center;\"><b>DOCUMENTOS DE EXPORTACI\u00d3N<\/b><\/p>\n<p style=\"text-align: center;\">Recepci\u00f3n y Revisi\u00f3n de la documentaci\u00f3n de exportaci\u00f3n.<\/p>\n<p style=\"text-align: center;\">Reserva de la bodega, V\u00eda A\u00e9rea, Mar\u00edtima, Terrestre,<\/p>\n<p style=\"text-align: center;\">MERCOSUR ante las distintas c\u00e1maras.<\/p>\n<p style=\"text-align: center;\">Tramitaci\u00f3n de certificado de origen digital.<\/p>\n<p style=\"text-align: center;\">Tramitaciones consulares y pago sobre tasa.<\/p>\n<p style=\"text-align: center;\">Confecci\u00f3n del permiso de embarque, su tramitaci\u00f3n y seguimiento ante la AFIP<\/p>\n<p style=\"text-align: center;\">(pago de derechos).<\/p>\n<p style=\"text-align: center;\">Coordinaci\u00f3n del transporte de cargas internacional y seguimiento.<\/p>\n<p style=\"text-align: center;\">Intervenciones previas ante distintos Organismos Oficiales.<\/p>\n<p style=\"text-align: center;\">Seguimiento de reintegro.<\/p>\n<p>[\/et_pb_text][et_pb_button button_url=\u00bbhttps:\/\/customsworld.com.ar\/\u00bb button_text=\u00bbVolver al inicio\u00bb button_alignment=\u00bbcenter\u00bb _builder_version=\u00bb4.16&#8243; custom_button=\u00bbon\u00bb button_text_size=\u00bb20px\u00bb button_text_color=\u00bb#ffffff\u00bb button_bg_color=\u00bb#6f94bc\u00bb button_border_width=\u00bb0px\u00bb button_border_color=\u00bb#ffffff\u00bb button_border_radius=\u00bb100px\u00bb button_letter_spacing=\u00bb0px\u00bb button_icon=\u00bb&#x4a;||divi||400&#8243; global_colors_info=\u00bb{}\u00bb][\/et_pb_button][\/et_pb_column][\/et_pb_row][\/et_pb_section][et_pb_section fb_built=\u00bb1&#8243; module_id=\u00bbDOCIM\u00bb _builder_version=\u00bb4.16&#8243; background_color=\u00bb#ffffff\u00bb global_colors_info=\u00bb{}\u00bb][et_pb_row column_structure=\u00bb2_3,1_3&#8243; _builder_version=\u00bb4.16&#8243; global_colors_info=\u00bb{}\u00bb][et_pb_column type=\u00bb2_3&#8243; _builder_version=\u00bb4.16&#8243; global_colors_info=\u00bb{}\u00bb][et_pb_text _builder_version=\u00bb4.16&#8243; text_font=\u00bb||||||||\u00bb text_text_color=\u00bb#595959&#8243; text_font_size=\u00bb16px\u00bb text_line_height=\u00bb1.1em\u00bb custom_padding=\u00bb0px|||||\u00bb global_colors_info=\u00bb{}\u00bb]<\/p>\n<p style=\"text-align: center;\"><b>DOCUMENTOS DE IMPORTACI\u00d3N<\/b><\/p>\n<p style=\"text-align: center;\">Control de recepci\u00f3n de documentaci\u00f3n provenientes del exterior.\u00a0<\/p>\n<p style=\"text-align: center;\">Retiro de Documentos de Transporte en las distintas agencias<\/p>\n<p style=\"text-align: center;\">con sus respectivos pagos de fletes y Handling.\u00a0<\/p>\n<p style=\"text-align: center;\">Asesoramiento de todo lo relacionado con la operativa<\/p>\n<p style=\"text-align: center;\">y normativa de los dep\u00f3sitos Fiscales.\u00a0<\/p>\n<p style=\"text-align: center;\">Ejecuci\u00f3n, presentaci\u00f3n, seguimiento de despachos de Importaci\u00f3n,<\/p>\n<p style=\"text-align: center;\">pagos en terminales y\/o dep\u00f3sitos fiscales con la posterior liberaci\u00f3n<\/p>\n<p style=\"text-align: center;\">de la mercader\u00eda nacionalizada.\u00a0<\/p>\n<p>[\/et_pb_text][et_pb_button button_url=\u00bbhttps:\/\/customsworld.com.ar\/\u00bb button_text=\u00bbVolver al inicio\u00bb button_alignment=\u00bbcenter\u00bb _builder_version=\u00bb4.16&#8243; custom_button=\u00bbon\u00bb button_text_size=\u00bb20px\u00bb button_text_color=\u00bb#ffffff\u00bb button_bg_color=\u00bb#6f94bc\u00bb button_border_width=\u00bb0px\u00bb button_border_color=\u00bb#ffffff\u00bb button_border_radius=\u00bb100px\u00bb button_letter_spacing=\u00bb0px\u00bb button_icon=\u00bb&#x4a;||divi||400&#8243; global_colors_info=\u00bb{}\u00bb][\/et_pb_button][\/et_pb_column][et_pb_column type=\u00bb1_3&#8243; _builder_version=\u00bb4.16&#8243; global_colors_info=\u00bb{}\u00bb][et_pb_image src=\u00bbhttps:\/\/customsworld.com.ar\/wp-content\/uploads\/2019\/07\/Documentos-de-importaci\u00f3n_1.png\u00bb _builder_version=\u00bb4.16&#8243; global_colors_info=\u00bb{}\u00bb filter_contrast__hover_enabled=\u00bboff|desktop\u00bb][\/et_pb_image][\/et_pb_column][\/et_pb_row][\/et_pb_section][et_pb_section fb_built=\u00bb1&#8243; module_id=\u00bbDOCEX\u00bb _builder_version=\u00bb4.16&#8243; background_color=\u00bbrgba(90,131,181,0.32)\u00bb global_colors_info=\u00bb{}\u00bb][et_pb_row column_structure=\u00bb1_2,1_2&#8243; _builder_version=\u00bb4.24.3&#8243; global_colors_info=\u00bb{}\u00bb][et_pb_column type=\u00bb1_2&#8243; _builder_version=\u00bb4.24.3&#8243; _module_preset=\u00bbdefault\u00bb global_colors_info=\u00bb{}\u00bb][et_pb_image src=\u00bbhttps:\/\/customsworld.com.ar\/wp-content\/uploads\/2019\/07\/Log\u00edstica-nacional-e-internacional-transporte-local-fletes-aereos-y-mar\u00edtimos_1.png\u00bb title_text=\u00bbLog\u00edstica nacional e internacional, transporte local, fletes aereos y mar\u00edtimos_1&#8243; _builder_version=\u00bb4.24.3&#8243; width=\u00bb65%\u00bb global_colors_info=\u00bb{}\u00bb filter_contrast__hover_enabled=\u00bboff|desktop\u00bb][\/et_pb_image][\/et_pb_column][et_pb_column type=\u00bb1_2&#8243; _builder_version=\u00bb4.16&#8243; global_colors_info=\u00bb{}\u00bb][et_pb_text _builder_version=\u00bb4.24.3&#8243; text_font=\u00bb||||||||\u00bb text_text_color=\u00bb#595959&#8243; text_font_size=\u00bb16px\u00bb text_line_height=\u00bb1em\u00bb custom_padding=\u00bb0px|||||\u00bb global_colors_info=\u00bb{}\u00bb]<\/p>\n<p style=\"text-align: center;\"><b>LOG\u00cdSTICA NACIONAL E INTERNACIONAL<\/b><\/p>\n<p style=\"text-align: center;\"><b>TRANSPORTE LOCAL<\/b><\/p>\n<p style=\"text-align: center;\">Brindamos un servicio complementario de acarreo de mercader\u00edas<\/p>\n<p style=\"text-align: center;\">dentro del territorio nacional.<\/p>\n<p style=\"text-align: center;\"><b>FLETES A\u00c9REOS Y MAR\u00cdTIMOS<\/b><\/p>\n<p style=\"text-align: center;\">Cotizaci\u00f3n de fletes y consolidaci\u00f3n de cargas, seg\u00fan incoterm negociado<\/p>\n<p style=\"text-align: center;\">de acuerdo a su conveniencia.<\/p>\n<p style=\"text-align: center;\"><b>TR\u00c1FICO EE.UU &#8211; EUROPA &#8211; ASIA<\/b><\/p>\n<p style=\"text-align: center;\">Tracking de cargas desde origen hasta destino.<\/p>\n<p style=\"text-align: center;\">[\/et_pb_text][et_pb_button button_url=\u00bbhttps:\/\/customsworld.com.ar\/\u00bb button_text=\u00bbVolver al inicio\u00bb button_alignment=\u00bbcenter\u00bb _builder_version=\u00bb4.16&#8243; custom_button=\u00bbon\u00bb button_text_size=\u00bb20px\u00bb button_text_color=\u00bb#ffffff\u00bb button_bg_color=\u00bb#6f94bc\u00bb button_border_width=\u00bb0px\u00bb button_border_color=\u00bb#ffffff\u00bb button_border_radius=\u00bb100px\u00bb button_letter_spacing=\u00bb0px\u00bb button_icon=\u00bb&#x4a;||divi||400&#8243; global_colors_info=\u00bb{}\u00bb][\/et_pb_button][\/et_pb_column][\/et_pb_row][\/et_pb_section]<\/p>\n","protected":false},"excerpt":{"rendered":"<p>TR\u00c1MITES ANTE TERCEROS ORGANISMOS Alta importador exportador (IMEX) Normativa bancaria Seguridad de acero Solicitud de importaci\u00f3n de bienes de capital usados (CIBU) Certificado de miner\u00eda Certificados de origen SENASA RUCA ANMAT\/INAL INTI Seguridad El\u00e9ctrica DESPACHANTE DE ADUANA Importaci\u00f3n &#8211; Exportaci\u00f3n An\u00e1lisis de Costos Asesoramiento integral en Comercio Exterior Clasificaci\u00f3n Arancelaria de Mercader\u00edas Normativa Aduanera SEDIDOCUMENTOS [&hellip;]<\/p>\n","protected":false},"author":1,"featured_media":0,"parent":0,"menu_order":0,"comment_status":"closed","ping_status":"closed","template":"","meta":{"_et_pb_use_builder":"on","_et_pb_old_content":"<!-- wp:divi\/placeholder \/-->","_et_gb_content_width":"","footnotes":""},"class_list":["post-627","page","type-page","status-publish","hentry"],"_links":{"self":[{"href":"https:\/\/customsworld.com.ar\/index.php\/wp-json\/wp\/v2\/pages\/627","targetHints":{"allow":["GET"]}}],"collection":[{"href":"https:\/\/customsworld.com.ar\/index.php\/wp-json\/wp\/v2\/pages"}],"about":[{"href":"https:\/\/customsworld.com.ar\/index.php\/wp-json\/wp\/v2\/types\/page"}],"author":[{"embeddable":true,"href":"https:\/\/customsworld.com.ar\/index.php\/wp-json\/wp\/v2\/users\/1"}],"replies":[{"embeddable":true,"href":"https:\/\/customsworld.com.ar\/index.php\/wp-json\/wp\/v2\/comments?post=627"}],"version-history":[{"count":18,"href":"https:\/\/customsworld.com.ar\/index.php\/wp-json\/wp\/v2\/pages\/627\/revisions"}],"predecessor-version":[{"id":971,"href":"https:\/\/customsworld.com.ar\/index.php\/wp-json\/wp\/v2\/pages\/627\/revisions\/971"}],"wp:attachment":[{"href":"https:\/\/customsworld.com.ar\/index.php\/wp-json\/wp\/v2\/media?parent=627"}],"curies":[{"name":"wp","href":"https:\/\/api.w.org\/{rel}","templated":true}]}}